{"id":1187,"date":"2020-07-03T12:10:07","date_gmt":"2020-07-03T09:10:07","guid":{"rendered":"http:\/\/microbio.bas.bg\/wordpress\/?page_id=1187"},"modified":"2022-02-02T15:22:18","modified_gmt":"2022-02-02T12:22:18","slug":"laboratory-cytotoxicity-and-signal-transduction","status":"publish","type":"page","link":"https:\/\/microbio.bas.bg\/wordpress\/index.php\/en\/structure\/scientific-staff\/department-of-infectious-microbiology\/laboratory-cytotoxicity-and-signal-transduction\/","title":{"rendered":"LABORATORY CYTOTOXICITY AND SIGNAL TRANSDUCTION"},"content":{"rendered":"<p><img loading=\"lazy\" class=\"alignnone  wp-image-5058\" src=\"http:\/\/microbio.bas.bg\/wordpress\/wp-content\/uploads\/2017\/11\/123.png\" alt=\"\" width=\"392\" height=\"294\" \/><\/p>\n<p><span style=\"font-family: arial, helvetica, sans-serif; font-size: 14pt;\">Head: Assoc. Prof. Maya M. Zaharieva,\u00a0 <em>PhD<\/em><\/span><\/p>\n<p><span style=\"font-family: arial, helvetica, sans-serif;\">Tel.: +359 2 979 31 35<\/span><\/p>\n<p><span style=\"font-family: arial, helvetica, sans-serif;\">E-mail:\u00a0<a href=\"mailto:zaharieva26@gmail.com\">zaharieva26@gmail.com<\/a>;\u00a0 <\/span><a href=\"mailto:m_zaharieva@microbio.bas.bg\"><u>m_zaharieva@microbio.bas.bg<\/u><\/a><\/p>\n<p><span style=\"font-family: arial, helvetica, sans-serif;\">Author ID Scopus (ScienceDirect): 16302274400, Zaharieva, Maya M.<\/span><\/p>\n<p>Web of Science ID: <a href=\"https:\/\/publons.com\/researcher\/ABH-8344-2020\/\"><u>ABH-8344-2020<\/u><\/a><\/p>\n<p>ORCID ID: <a href=\"https:\/\/orcid.org\/0000-0001-8548-5649\"><u>https:\/\/orcid.org\/0000-0001-8548-5649<\/u><\/a><\/p>\n<p><span style=\"font-family: arial, helvetica, sans-serif;\"><a href=\"https:\/\/www.scopus.com\/authid\/detail.uri?authorId=16302274400\">https:\/\/www.scopus.com\/authid\/detail.uri?authorId=16302274400<\/a><\/span><\/p>\n<p><span style=\"font-family: arial, helvetica, sans-serif;\"><a href=\"https:\/\/scholar.google.de\/citations?hl=de&amp;user=iCvyndQAAAAJ\">https:\/\/scholar.google.de\/citations?hl=de&amp;user=iCvyndQAAAAJ<\/a><\/span><\/p>\n<table style=\"background-color: #f0f1f5; width: 100%; height: 60px;\">\n<tbody>\n<tr>\n<td style=\"text-align: center;\"><span style=\"font-family: arial, helvetica, sans-serif; font-size: 18pt;\"><strong>STAFF:<\/strong><\/span><\/td>\n<\/tr>\n<\/tbody>\n<\/table>\n<p><span style=\"font-family: arial, helvetica, sans-serif;\">Assist. Prof. Yana Ilieva, PhD<\/span><\/p>\n<p><span style=\"font-family: arial, helvetica, sans-serif;\">Tel.: +359 2 979 31 35<\/span><\/p>\n<p><span style=\"font-family: arial, helvetica, sans-serif;\">E-mail:\u00a0<a href=\"mailto:ilievayana@gmail.com\">illievayana@gmail.com<\/a><\/span><\/p>\n<p><span style=\"font-family: arial, helvetica, sans-serif;\">Author ID Scopus (ScienceDirect): 57201588764<\/span><\/p>\n<p><span style=\"font-family: arial, helvetica, sans-serif;\"><a href=\"https:\/\/www2.scopus.com\/authid\/detail.uri?authorId=57201588764\">https:\/\/www2.scopus.com\/authid\/detail.uri?authorId=57201588764<\/a><\/span><\/p>\n<p><span style=\"font-family: arial, helvetica, sans-serif;\"><a href=\"https:\/\/www.researchgate.net\/profile\/Yana_Ilieva\">https:\/\/www.researchgate.net\/profile\/Yana_Ilieva<\/a><\/span><\/p>\n<p>Biologist, microbiologist, Tanya Chan Kim<\/p>\n<p>\u0422\u0435l.: (+359 2) 979 31 35, E-mail:\u00a0<a href=\"mailto:tanya_85@abv.bg\"><u>tanya_85@abv.bg<\/u><\/a><\/p>\n<table style=\"background-color: #f0f1f5; height: 60px;\" width=\"100%\">\n<tbody>\n<tr>\n<td style=\"text-align: center;\"><span style=\"font-size: 18pt; font-family: arial, helvetica, sans-serif;\"><strong>MAIN TOPICS OF RESEARCH: \u00a0<\/strong><\/span><\/td>\n<\/tr>\n<\/tbody>\n<\/table>\n<ul>\n<li><span style=\"font-family: arial, helvetica, sans-serif;\">Characterization of the toxicological profile of compounds, extracts, etc. products with antineoplastic and antibacterial activities by phenotypic and molecular biological methods.<\/span><\/li>\n<li><span style=\"font-family: arial, helvetica, sans-serif;\">Elucidation of the relationship between bacterial infections and carcinogenesis in malignant diseases localized in tissues and organs in contact with the external environment (neoplasms of the skin, oral cavity, gastrointestinal tract, etc.) &#8211; in collaboration with the Laboratory \u201cBacterial Virulence, Resistance and New Antimicrobial Agents\u201d.<\/span><\/li>\n<li><span style=\"font-family: arial, helvetica, sans-serif;\">Investigation of mechanisms of bacterial virulence (signal transduction, programmed cell death, etc.) in interactions between bacterial pathogens and host cells &#8211; in collaboration with the Laboratory \u201cBacterial Virulence, Resistance and New Antimicrobial Agents\u201d.<\/span><\/li>\n<li><span style=\"font-family: arial, helvetica, sans-serif;\">Determination of combined antineoplastic and antimicrobial activities of natural products of plant or microbial origin, biologically active compounds derived thereof; newly synthesized chemical compounds, as well as modulated ones with nano-, metal- and other structures. The antimicrobial activity is studied in collaboration with the Laboratory \u201cBacterial Virulence, Resistance and New Antimicrobial Agents\u201d.<\/span><\/li>\n<\/ul>\n<table style=\"background-color: #f0f1f5; height: 60px;\" width=\"100%\">\n<tbody>\n<tr>\n<td style=\"text-align: center; width: 815px;\"><span style=\"font-size: 18pt; font-family: arial, helvetica, sans-serif;\"><strong>SELECTED PUBLICATIONS:\u00a0\u00a0<\/strong><\/span><\/td>\n<\/tr>\n<\/tbody>\n<\/table>\n<ul>\n<li><span style=\"font-family: arial, helvetica, sans-serif;\">Diukendjieva, A*, <strong>Zaharieva, MM<\/strong>*, Mori, M, Alov, P, Tsakovska, I, Pencheva, T, <strong>Najdenski, H<\/strong>, Kren, V, Felici, C, Bufalieri, F, Di Marcotullio, L, Botta, B, Botta M, Pajeva I. Dual SMO\/BRAF Inhibition by Flavonolignans from <em>Silybum marianum<\/em>. <em>Antioxidants (Basel)<\/em>, 9, 5, MBPI, <strong><u>2020<\/u><\/strong>. ISSN:2076-3921 (Print), 2076-3921 (Electronic), 2076-3921 (Linking), DOI:antiox9050384 [pii], antioxidants-09-00384 [pii], 10.3390\/antiox9050384 [doi], 384. <strong>JCR-IF (Web of Science): 6.313, Q1 (Scopus)<\/strong>, *Shared first place<\/span><\/li>\n<\/ul>\n<p><span style=\"font-family: arial, helvetica, sans-serif;\"><a href=\"https:\/\/www.mdpi.com\/2076-3921\/9\/5\/384\">https:\/\/www.mdpi.com\/2076-3921\/9\/5\/384<\/a><\/span><\/p>\n<ul>\n<li><span style=\"font-family: arial, helvetica, sans-serif;\">Schuelter, AR, Kroumov, AD, Hinterholz, CL, Fiorini, A, Trigueros, DEG, Vendruscolo, EG, <strong>Zaharieva, MM<\/strong>, Modenes, AN. Isolation and identification of new microalgae strains with antibacterial activity on food-borne pathogens. Engineering approach to optimize synthesis of desired metabolites. Biochemical Engineering Journal, 144, Elsevier, <strong><u>2019<\/u><\/strong>, ISSN:1369-703X, DOI:10.1016\/j.bej.2019.01.007, 28-39. <strong>JCR-IF (Web of Science): 3.475, Q1 (Scopus)<\/strong><\/span><\/li>\n<\/ul>\n<p><span style=\"font-family: arial, helvetica, sans-serif;\">\u00a0<a href=\"https:\/\/www.sciencedirect.com\/science\/article\/pii\/S1369703X19300075?via%3Dihub\">https:\/\/www.sciencedirect.com\/science\/article\/pii\/S1369703X19300075?via%3Dihub<\/a><\/span><\/p>\n<ul>\n<li><span style=\"font-family: arial, helvetica, sans-serif;\">Gevrenova, R, <strong>Zaharieva, MM,<\/strong> Kroumov, AD, Voutquenne-Nazabadioko, L, Zheleva-Dimitrova, D, Balabanova, V, <strong>Najdenski, H<\/strong>, Konstantinov, S. <em>Gypsophila<\/em> saponins enhance the cytotoxicity of etoposide in HD-MY-Z lymphoma cells. Food and Chemical Toxicology, 133, Elsevier, <strong><u>2019<\/u><\/strong>, ISSN:0278-6915, DOI:10.1016\/j.fct.2019.110777, 110777. <strong>JCR-IF (Web of Science): 4.679<\/strong>,<strong> Q1 (Scopus)<\/strong><\/span><\/li>\n<\/ul>\n<p><span style=\"font-family: arial, helvetica, sans-serif;\"><a href=\"https:\/\/www.sciencedirect.com\/science\/article\/pii\/S0278691519305678?via%3Dihub\">https:\/\/www.sciencedirect.com\/science\/article\/pii\/S0278691519305678?via%3Dihu <\/a><\/span><\/p>\n<ul>\n<li><span style=\"font-family: arial, helvetica, sans-serif;\">Scheufele, FB, Hinterholz, CL, <strong>Zaharieva, MM<\/strong>, <strong>Najdenski, H<\/strong>, M\u00f3denes, AN, Trigueros, DEG, Borba, C, Espinoza-Qui\u00f1ones, FR, Kroumov, AD. Complex mathematical analysis of photobioreactor system. Engineering in Life Sciences, John Wiley &amp; Sons Ltd., <strong><u>2019<\/u><\/strong>, ISSN:1618-2863, DOI:10.1002\/elsc.201800044, 1-14. <strong>JCR-IF (Web of Science): 1.934,<\/strong> <strong>Q2 (Scopus) <\/strong><\/span><\/li>\n<\/ul>\n<p><span style=\"font-family: arial, helvetica, sans-serif;\"><a href=\"https:\/\/onlinelibrary.wiley.com\/doi\/10.1002\/elsc.201800044\">https:\/\/onlinelibrary.wiley.com\/doi\/10.1002\/elsc.201800044<\/a><\/span><\/p>\n<ul>\n<li><span style=\"font-family: arial, helvetica, sans-serif;\">Nedialkov, PT, <strong>Ilieva Y<\/strong>, Zheleva-Dimitrova D, Kokanova-Nedialkova Z, Momekov G. Three new prenyloxy chromanones from aerial parts of Hypericum aucheri. <em>Fitoterapia<\/em>, 139, <strong><u>2019<\/u><\/strong>. DOI:https:\/\/doi.org\/10.1016\/j.fitote.2019.104421. ISSN:0367-326X, 104421 <strong>JCR-IF (Web of Science): 2.527,<\/strong> <strong>Q2 (Scopus)<\/strong><\/span><\/li>\n<\/ul>\n<p><span style=\"font-family: arial, helvetica, sans-serif;\"><a href=\"https:\/\/www.sciencedirect.com\/science\/article\/abs\/pii\/S0367326X19319549\">https:\/\/www.sciencedirect.com\/science\/article\/abs\/pii\/S0367326X19319549<\/a><\/span><\/p>\n<ul>\n<li><span style=\"font-family: arial, helvetica, sans-serif;\"><strong>Zaharieva, MM<\/strong>, Kroumov, AD, <strong>Dimitrova, L<\/strong>, <strong>Tsvetkova, I<\/strong>, Trochopoulos, A, Konstantinov, SM, Berger, MR, Momchilova, M, Yoncheva, K, <strong>Najdenski, HM<\/strong>. Micellar curcumin improves the antibacterial activity of the alkylphosphocholines erufosine and miltefosine against pathogenic Staphyloccocus aureus strains. Biotechnology &amp; Biotechnological Equipment, 33, 1, Fransis &amp; Taylor, <strong><u>2019<\/u><\/strong>, ISSN:1310-2818, DOI:10.1080\/13102818.2018.1533792, 38-53. <strong>JCR-IF (Web of Science): 1.186, Q3 (Scopus)<\/strong><\/span><\/li>\n<\/ul>\n<p><span style=\"font-family: arial, helvetica, sans-serif;\"><a href=\"https:\/\/doi.org\/10.1080\/13102818.2018.1533792\">https:\/\/doi.org\/10.1080\/13102818.2018.1533792<\/a><\/span><\/p>\n<ul>\n<li><span style=\"font-family: arial, helvetica, sans-serif;\">Kalea\u011fas\u0131o\u011flu, F*, <strong>Zaharieva, MM<\/strong>*, Konstantinov, S, Berger, MR. Alkylphospholipids are Signal Transduction Modulators with Potential for Anticancer Therapy. Anti-Cancer Agents in Medicinal Chemistry, 19, 1, Bentham Science Publishers, <strong><u>2019<\/u><\/strong>, ISSN:1389-5575, DOI:10.2174\/1871520618666181012093056, 66-91. <strong>JCR-IF (Web of Science): 2.049,<\/strong> <strong>Q3 (Scopus)<\/strong><\/span><\/li>\n<\/ul>\n<p><span style=\"font-family: arial, helvetica, sans-serif;\"><a href=\"https:\/\/www.eurekaselect.com\/node\/166176\/article\/alkylphospholipids-are-signal-transduction-modulators-with-potential-for-anticancer-therapy\">https:\/\/www.eurekaselect.com\/node\/166176\/article\/alkylphospholipids-are-signal-transduction-modulators-with-potential-for-anticancer-therapy<\/a><\/span><\/p>\n<p><span style=\"font-family: arial, helvetica, sans-serif;\">*Shared first place<\/span><\/p>\n<ul>\n<li><span style=\"font-family: arial, helvetica, sans-serif;\"><strong>Zaharieva, M. M.<\/strong>, Trochopoulos, A., <strong>Dimitrova, L.<\/strong>, Berger, M. R., <strong>Najdenski, H.<\/strong>, Konstantinov, S., Kroumov, A. D. New Insights in Routine Procedure for Mathematical Evaluation of <em>in vitro<\/em> Cytotoxicity Data from Cancer Cell Lines. 22, 2, International Journal Bioautomation, <strong><u>2018<\/u><\/strong>, DOI:10.7546\/ijba.2018.22.2.87-106, 87-106. <strong>SJR (Scopus): 0.231, Q3 (Scopus)<\/strong><\/span><\/li>\n<\/ul>\n<p><span style=\"font-family: arial, helvetica, sans-serif;\"><a href=\"https:\/\/www.scopus.com\/record\/display.uri?eid=2-s2.0-85048438585&amp;origin=resultslist&amp;sort=plf-f&amp;src=s&amp;st1=New+Insights+in+Routine+Procedure+for+Mathematical+Evaluation+of+in+vitro+Cytotoxicity+Data+from+Cancer+Cell+Lines&amp;st2=&amp;sid=0f506fd8b85924ee22a18%22origin=resultslist\">https:\/\/www.scopus.com\/record\/display.uri?eid=2-s2.0-85048438585&amp;origin=resultslist&amp;sort=plf-f&amp;src=s&amp;st1=New+Insights+in+Routine+Procedure+for+Mathematical+Evaluation+of+in+vitro+Cytotoxicity+Data+from+Cancer+Cell+Lines&amp;st2=&amp;sid=0f506fd8b85924ee22a18%22origin=resultslist<\/a><\/span><\/p>\n<ul>\n<li><span style=\"font-family: arial, helvetica, sans-serif;\">Zheleva-Dimitrova, D., Gevrenova, R., <strong>Zaharieva, M. M.<\/strong>, <strong>Najdenski, H.<\/strong>, Ruseva, S., Lozanov, Valentin, Balabanova, V., Yagi, S., Momekov, G., Mitev, V.. HPLC-UV and LC\u2013MS Analyses of Acylquinic Acids in <em>Geigeria alata<\/em> (DC) Oliv. &amp; Hiern. and their Contribution to Antioxidant and Antimicrobial Capacity. Phytochemical analysis, John Wiley &amp; Sons Ltd, <strong><u>2017<\/u><\/strong>, ISSN:1099-1565, DOI:10.1002\/pca.2658, n\/a-n\/a-n\/a-n\/a. <strong>JCR-IF (Web of Science): 2.337,<\/strong> <strong>Q1 (Scopus)<\/strong><\/span><\/li>\n<\/ul>\n<p><span style=\"font-family: arial, helvetica, sans-serif;\"><a href=\"http:\/\/onlinelibrary.wiley.com\/doi\/10.1002\/pca.2658\/pdf\">http:\/\/onlinelibrary.wiley.com\/doi\/10.1002\/pca.2658\/pdf<\/a><\/span><\/p>\n<ul>\n<li><span style=\"font-family: arial, helvetica, sans-serif;\"><strong>Zaharieva, M.M.<\/strong>, Kirilov, M., Chai, M., Berger, S.M., Konstantinov, S., Berger, M.R.. Reduced expression of the retinoblastoma protein shows that the related signaling pathway is essential for mediating the antineoplastic activity of erufosine. PLoS ONE, 9, 7, PLOS, <strong><u>2014<\/u><\/strong>, ISSN:1932-6203, DOI:http:\/\/dx.doi.org\/10.1371\/journal.pone.0100950, e100950. <strong>JCR-IF (Web of Science): 3.234, Q1 (Web of Science)<\/strong><\/span><\/li>\n<\/ul>\n<p><span style=\"font-family: arial, helvetica, sans-serif;\"><a href=\"http:\/\/journals.plos.org\/plosone\/article?id=10.1371\/journal.pone.0100950\">http:\/\/journals.plos.org\/plosone\/article?id=10.1371\/journal.pone.0100950<\/a><\/span><\/p>\n<ul>\n<li><span style=\"font-family: arial, helvetica, sans-serif;\">Voutquenne-Nazabadioko, L., Gevrenova, R., Borie, N., Harakat, D., Sayagh, C., Weng, A., Thakur, M., <strong>Zaharieva, M.<\/strong>, Henry, M.. Triterpenoid saponins from the roots of Gypsophila trichotoma Wender. Phytochemistry, 90, ELSEVIER, <strong><u>2013<\/u><\/strong>, ISSN:0031-9422, DOI:10.1016\/j.phytochem.2013.03.001, 114-127. <strong>JCR-IF (Web of Science): 3.05,<\/strong> <strong>Q1 (Scopus)<\/strong><\/span><\/li>\n<\/ul>\n<p><span style=\"font-family: arial, helvetica, sans-serif;\"><a href=\"http:\/\/www.sciencedirect.com\/science\/article\/pii\/S0031942213000769\">http:\/\/www.sciencedirect.com\/science\/article\/pii\/S0031942213000769<\/a><\/span><\/p>\n<ul>\n<li><span style=\"font-family: arial, helvetica, sans-serif;\">Kapoor, V., <strong>Zaharieva, M.M.<\/strong>, Das, S.N., Berger, M.R. Erufosine simultaneously induces apoptosis and autophagy by modulating the Akt-mTOR signaling pathway in oral squamous cell carcinoma. Cancer Letters, 319, 1, ELSEVIER, <strong><u>2012<\/u><\/strong>, ISSN:03043835, DOI:10.1016\/j.canlet.2011.12.032, 39-48. <strong>JCR-IF (Web of Science): 4.258,<\/strong> <strong>Q1 (Web of Science)<\/strong><\/span><\/li>\n<\/ul>\n<p><span style=\"font-family: arial, helvetica, sans-serif;\"><a href=\"http:\/\/www.sciencedirect.com\/science\/article\/pii\/S0304383511007919\">http:\/\/www.sciencedirect.com\/science\/article\/pii\/S0304383511007919<\/a><\/span><\/p>\n<table style=\"background-color: #f0f1f5; width: 100%; height: 60px;\">\n<tbody>\n<tr>\n<td style=\"width: 814px; text-align: center;\"><span style=\"font-size: 18pt; font-family: arial, helvetica, sans-serif;\"><strong>ACHIEVEMENTS:<\/strong><\/span><\/td>\n<\/tr>\n<\/tbody>\n<\/table>\n<ul>\n<li><span style=\"font-family: arial, helvetica, sans-serif;\">The foundations of the Laboratory \u201cCytotoxicity and Signal Transduction\u201d, funded by a grant for Assoc. Prof. Maya M. Zaharieva donated by the Alexander von Humboldt Foundation under the Program \u201cEquipment Subsidy\u201d, have been laid. The laboratory was officially opened on April 22, 2015 by Mr. J\u00f6rg Schenk, Head of the Science Department at the Embassy of the Federal Republic of Germany in Sofia. The duration of the Laboratory development was 5 years, as set out in the grant program. During that period a number of projects related to the above mentioned directions were started and successfully finished. The laboratory takes part in several on-going projects: two national scientific programs, five grants funded from the National Bulgarian Scientific Fund, grants in the frame of collaborations with other scientific institutions. A number of graduate and PhD students conducted their practices and training here.<\/span><\/li>\n<li><span style=\"font-family: arial, helvetica, sans-serif;\">The antibacterial effect and biofilm-inhibitory activity of the new allylphosphocholine erufosine on methicillin-sensitive and resistant strains of the bacterial pathogen Staphylococcus aureus, which is involved in the carcinogenesis of cutaneous T-cell lymphoma (CTCL), were studied for the first time. Combinations between erufosine and curcumin loaded in nano-delivery system with sustained release were investigated for synergistic interactions on cell lines derived from CTCL. It has been proven for the first time that erufosine and the synergistic combinations with curcumin inhibit the expression of the transcription factor TWIST1, which is a prognostic marker for metastasis in patients with CTCL.<\/span><\/li>\n<li><span style=\"font-family: arial, helvetica, sans-serif;\">The antineoplastic activity and mechanism of action of combinations between Glucuronide Oleanane-type Triterpenoid Carboxylic Acid 3,28-Bidesmosides derived from <em>Gypsophila trichotoma<\/em> Wender roots and the cytostatics etoposide, as well as plant extracts and biologically active compounds isolated from <em>Geum urbanum<\/em> were invstigated for the first time on malignant cell lines of lymphoma and epithelial origin. The toxicological effects of ethyl acetate extract from aerial parts of <em>Geum urbanum<\/em> L. were evaluated <em>in vitro<\/em> on a panel of normal transformed cell lines and <em>in vivo<\/em> on liver, intestinal epithelium and kidney in H albino mice.<\/span><\/li>\n<li><span style=\"font-family: arial, helvetica, sans-serif;\">The antibacterial effects of <em>Geigeria alata<\/em> (DC) Oliv. &amp; Hiern., <em>Solanum schimperianum<\/em> Hochst and <em>Graptopetalum paraguayense E. <\/em>Walther plant extracts was studied on Gram-positive and Gram-negative pathogenic bacterial species. The antibacterial activity of the plant <em>Geum urbanum<\/em> L was studied partially.<\/span><\/li>\n<li><span style=\"font-family: arial, helvetica, sans-serif;\">The cytotoxic effect of a number of medical products was evaluated and described under contracts with companies, which is of direct importance for their production and release on the pharmaceutical market.<\/span><\/li>\n<\/ul>\n","protected":false},"excerpt":{"rendered":"<p>Head: Assoc. Prof. Maya M. Zaharieva,\u00a0 PhD Tel.: +359 2 979 31 35 E-mail:\u00a0zaharieva26@gmail.com;\u00a0 m_zaharieva@microbio.bas.bg Author ID Scopus (ScienceDirect): 16302274400, Zaharieva, Maya M. Web of Science ID: ABH-8344-2020 ORCID ID: https:\/\/orcid.org\/0000-0001-8548-5649 https:\/\/www.scopus.com\/authid\/detail.uri?authorId=16302274400 https:\/\/scholar.google.de\/citations?hl=de&amp;user=iCvyndQAAAAJ STAFF: Assist. Prof. Yana Ilieva, PhD Tel.: +359 2 979 31 35 E-mail:\u00a0illievayana@gmail.com Author ID Scopus (ScienceDirect): 57201588764 https:\/\/www2.scopus.com\/authid\/detail.uri?authorId=57201588764 https:\/\/www.researchgate.net\/profile\/Yana_Ilieva Biologist, microbiologist, [&hellip;]<\/p>\n","protected":false},"author":1,"featured_media":0,"parent":797,"menu_order":0,"comment_status":"closed","ping_status":"closed","template":"","meta":[],"_links":{"self":[{"href":"https:\/\/microbio.bas.bg\/wordpress\/index.php\/wp-json\/wp\/v2\/pages\/1187"}],"collection":[{"href":"https:\/\/microbio.bas.bg\/wordpress\/index.php\/wp-json\/wp\/v2\/pages"}],"about":[{"href":"https:\/\/microbio.bas.bg\/wordpress\/index.php\/wp-json\/wp\/v2\/types\/page"}],"author":[{"embeddable":true,"href":"https:\/\/microbio.bas.bg\/wordpress\/index.php\/wp-json\/wp\/v2\/users\/1"}],"replies":[{"embeddable":true,"href":"https:\/\/microbio.bas.bg\/wordpress\/index.php\/wp-json\/wp\/v2\/comments?post=1187"}],"version-history":[{"count":10,"href":"https:\/\/microbio.bas.bg\/wordpress\/index.php\/wp-json\/wp\/v2\/pages\/1187\/revisions"}],"predecessor-version":[{"id":6055,"href":"https:\/\/microbio.bas.bg\/wordpress\/index.php\/wp-json\/wp\/v2\/pages\/1187\/revisions\/6055"}],"up":[{"embeddable":true,"href":"https:\/\/microbio.bas.bg\/wordpress\/index.php\/wp-json\/wp\/v2\/pages\/797"}],"wp:attachment":[{"href":"https:\/\/microbio.bas.bg\/wordpress\/index.php\/wp-json\/wp\/v2\/media?parent=1187"}],"curies":[{"name":"wp","href":"https:\/\/api.w.org\/{rel}","templated":true}]}}