{"id":689,"date":"2017-11-02T13:48:39","date_gmt":"2017-11-02T10:48:39","guid":{"rendered":"http:\/\/microbio.bas.bg\/wordpress\/?page_id=689"},"modified":"2020-08-10T10:23:53","modified_gmt":"2020-08-10T07:23:53","slug":"laboratoriya-po-mikrobna-filogenetika-i-evolyutsiya","status":"publish","type":"page","link":"https:\/\/microbio.bas.bg\/wordpress\/index.php\/struktura\/nauchni-zvena-2\/departament-obshta-mikrobiologiya\/laboratoriya-po-mikrobna-filogenetika-i-evolyutsiya\/","title":{"rendered":"\u041b\u0410\u0411\u041e\u0420\u0410\u0422\u041e\u0420\u0418\u042f \u041f\u041e \u201e\u041c\u0418\u041a\u0420\u041e\u0411\u041d\u0410 \u0424\u0418\u041b\u041e\u0413\u0415\u041d\u0415\u0422\u0418\u041a\u0410 \u0418 \u0415\u0412\u041e\u041b\u042e\u0426\u0418\u042f\u201d"},"content":{"rendered":"<table style=\"width: 100%; height: 60px; background-color: #f0f1f5;\">\n<tbody>\n<tr>\n<td style=\"text-align: center;\"><span style=\"font-size: 18pt; font-family: arial, helvetica, sans-serif;\"><strong>\u0421\u042a\u0421\u0422\u0410\u0412:<\/strong><\/span><\/td>\n<\/tr>\n<\/tbody>\n<\/table>\n<p><span style=\"font-family: arial, helvetica, sans-serif;\">\u0414\u043e\u0446. \u0434-\u0440 \u0414\u0438\u043b\u043d\u043e\u0440\u0430 \u0413\u0443\u043b\u044f\u043c\u043e\u0432\u0430<\/span><\/p>\n<p><span style=\"font-family: arial, helvetica, sans-serif;\">\u0422\u0435\u043b.: +359 2 979 31 82<\/span><\/p>\n<p><span style=\"font-family: arial, helvetica, sans-serif;\">E-mail:\u00a0<a href=\"mailto:dilnorag@gmail.com\">dilnorag@gmail.com<\/a><\/span><\/p>\n<p>&nbsp;<\/p>\n<table style=\"background-color: #f0f1f5; height: 60px;\" width=\"100%\">\n<tbody>\n<tr>\n<td style=\"text-align: center;\"><span style=\"font-size: 18pt; font-family: arial, helvetica, sans-serif;\"><strong>\u0418\u0417\u0421\u041b\u0415\u0414\u041e\u0412\u0410\u0422\u0415\u041b\u0421\u041a\u0410 \u0414\u0415\u0419\u041d\u041e\u0421\u0422 \u0412 \u041e\u0411\u041b\u0410\u0421\u0422\u0422\u0410 \u041d\u0410:\u00a0\u00a0<\/strong><\/span><\/td>\n<\/tr>\n<\/tbody>\n<\/table>\n<p><span style=\"font-family: arial, helvetica, sans-serif;\">\u0424\u0438\u043b\u043e\u0433\u0435\u043d\u0435\u0442\u0438\u043a\u0430 \u0438 \u0435\u043a\u043e\u043b\u043e\u0433\u0438\u044f \u043d\u0430 \u043c\u0438\u043a\u0440\u043e\u043e\u0440\u0433\u0430\u043d\u0438\u0437\u043c\u0438\u0442\u0435.<\/span><\/p>\n<p>&nbsp;<\/p>\n<table style=\"background-color: #f0f1f5; width: 100%; height: 60px;\">\n<tbody>\n<tr>\n<td style=\"text-align: center;\"><span style=\"font-size: 18pt; font-family: arial, helvetica, sans-serif;\"><strong>\u041f\u0423\u0411\u041b\u0418\u041a\u0410\u0426\u0418\u0418:<\/strong><\/span><\/td>\n<\/tr>\n<\/tbody>\n<\/table>\n<ul>\n<li><span style=\"font-family: arial, helvetica, sans-serif;\">Gouliamova DE, Dimitrov RA, Smith MT, Groenewald M, Stoilova-Disheva MM, Gu\u00e9orguiev BV, Boekhout T. DNA barcoding revealed Nematodospora valgi gen. nov., sp. nov. and Candida cetoniae sp. nov. in the Lodderomyces clade. Fungal Biol. 2016 120(2):179-90. IF: 2.342.\u00a0\u00a0<a href=\"http:\/\/www.sciencedirect.com\/science\/article\/pii\/S1878614615000987\">http:\/\/www.sciencedirect.com\/science\/article\/pii\/S1878614615000987<\/a><\/span><\/li>\n<\/ul>\n<ul>\n<li><span style=\"font-family: arial, helvetica, sans-serif;\">Crous PW, Wingfield MJ, Richardson DM, Le Roux JJ, Strasberg D, Edwards J, Roets F, Hubka V, Taylor PW, Heykoop M, Mart\u00edn MP, Moreno G, Sutton DA, Wiederhold NP, Barnes CW, Carlavilla JR, Gen\u00e9 J, Giraldo A, Guarnaccia V, Guarro,\u00a0J, Hern\u00e1ndez-Restrepo M, Kola\u0159\u00edk M, Manj\u00f3n JL, Pascoe IG, Popov ES, Sandoval-Denis M, Woudenberg JH, Acharya K, Alexandrova AV, Alvarado P, Barbosa RN, Baseia IG, Blanchette RA, Boekhout T, Burgess TI, Cano-Lira JF, \u010cmokov\u00e1 A, Dimitrov RA, Dyakov MY, Due\u00f1as M, Dutta AK, Esteve-Ravent\u00f3s F, Fedosova AG, Fournier J, Gamboa P, Gouliamova DE, Grebenc T, Groenewald M, Hanse B, Hardy GE, Held BW, Jurjevi\u0107 \u017d, Kaewgrajang T, Latha KP, Lombard L, Luangsa-Ard JJ, Lyskov\u00e1 P, Mall\u00e1tov\u00e1 N, Manimohan P, Miller AN, Mirabolfathy M, Morozova OV, Obodai M, Oliveira NT, Ord\u00f3\u00f1ez ME, Otto EC, Paloi S, Peterson SW, Phosri C, Roux J, Salazar WA, S\u00e1nchez A, Sarria GA, Shin HD, Silva BD, Silva GA, Smith MT, Souza-Motta CM, Stchigel AM, Stoilova-Disheva MM, Sulzbacher MA, Telleria MT, Toapanta C, Traba JM, Valenzuela-Lopez N, Watling R, Groenewald JZ. Fungal Planet description sheets: 400-468. Persoonia. 2016, 36:316-458. ISI IF: 5.7\u00a0 \u00a0<a href=\"http:\/\/www.ingentaconnect.com\/content\/nhn\/pimj\/2016\/00000036\/00000001\/art00011\">http:\/\/www.ingentaconnect.com\/content\/nhn\/pimj\/2016\/00000036\/00000001\/art00011<\/a><\/span><\/li>\n<\/ul>\n<ul>\n<li><span style=\"font-family: arial, helvetica, sans-serif;\">Crous PW, Wingfield MJ, Guarro J, Hern\u00e1ndez-Restrepo M, Sutton DA, Acharya K, Barber PA, Boekhout T, Dimitrov RA, Due\u00f1as M, Dutta AK, Gen\u00e9 J, Gouliamova DE, Groenewald M, Lombard L, Morozova OV, Sarkar J, Smith MT, Stchigel AM, Wiederhold NP, Alexandrova AV, Antelmi I, Armengol J, Barnes I, Cano-Lira JF, Casta\u00f1eda Ruiz RF, Contu M, Courtecuisse PR, da Silveira AL, Decock CA, de Goes A, Edathodu J, Ercole E, Firmino AC, Fourie A, Fournier J, Furtado EL, Geering AD, Gershenzon J, Giraldo A, Gramaje D, Hammerbacher A, He XL, Haryadi D, Khemmuk W, Kovalenko AE, Krawczynski R, Laich F, Lechat C, Lopes UP, Madrid H, Malysheva EF, Mar\u00edn-Felix Y, Mart\u00edn MP, Mostert L, Nigro F, Pereira OL, Picillo B, Pinho DB, Popov ES, Rodas Pel\u00e1ez CA, Rooney-Latham S, Sandoval-Denis M, Shivas RG, Silva V, Stoilova-Disheva MM, Telleria MT, Ullah C, Unsicker SB, van der Merwe NA, Vizzini A, Wagner HG, Wong PT, Wood AR, Groenewald JZ. Fungal Planet description sheets: 320-370. Persoonia. 2015 34:167-266. ISI IF: 5.7\u00a0\u00a0<a href=\"https:\/\/www.scienceopen.com\/document?vid=3350fba1-feda-488b-9494-7f0d019480f0\">https:\/\/www.scienceopen.com\/document?vid=3350fba1-feda-488b-9494-7f0d019480f0<\/a><\/span><\/li>\n<\/ul>\n<ul>\n<li><span style=\"font-family: arial, helvetica, sans-serif;\">\u00a0Yurkov AM, Kachalkin AV, Daniel HM, Groenewald M, Libkind D, de Garcia V, Zalar P, Gouliamova DE, Boekhout T, Begerow D. Two yeast species Cystobasidium psychroaquaticum f.a. sp. nov. and Cystobasidium rietchieii f.a. sp. nov.isolated from natural environments, and the transfer of Rhodotorula minuta clade members to the genus Cystobasidium. Antonie Van Leeuwenhoek. 2015, 107(1):173-85. DOI: <a href=\"https:\/\/doi.org\/10.1007\/s10482-014-0315-0\">10.1007\/s10482-014-0315-0<\/a>\u00a0 ISI IF: 1.78\u00a0<a href=\"https:\/\/link.springer.com\/article\/10.1007%2Fs10482-014-0315-0\">https:\/\/link.springer.com\/article\/10.1007%2Fs10482-014-0315-0<\/a><\/span><\/li>\n<\/ul>\n","protected":false},"excerpt":{"rendered":"<p>\u0421\u042a\u0421\u0422\u0410\u0412: \u0414\u043e\u0446. \u0434-\u0440 \u0414\u0438\u043b\u043d\u043e\u0440\u0430 \u0413\u0443\u043b\u044f\u043c\u043e\u0432\u0430 \u0422\u0435\u043b.: +359 2 979 31 82 E-mail:\u00a0dilnorag@gmail.com &nbsp; \u0418\u0417\u0421\u041b\u0415\u0414\u041e\u0412\u0410\u0422\u0415\u041b\u0421\u041a\u0410 \u0414\u0415\u0419\u041d\u041e\u0421\u0422 \u0412 \u041e\u0411\u041b\u0410\u0421\u0422\u0422\u0410 \u041d\u0410:\u00a0\u00a0 \u0424\u0438\u043b\u043e\u0433\u0435\u043d\u0435\u0442\u0438\u043a\u0430 \u0438 \u0435\u043a\u043e\u043b\u043e\u0433\u0438\u044f \u043d\u0430 \u043c\u0438\u043a\u0440\u043e\u043e\u0440\u0433\u0430\u043d\u0438\u0437\u043c\u0438\u0442\u0435. &nbsp; \u041f\u0423\u0411\u041b\u0418\u041a\u0410\u0426\u0418\u0418: Gouliamova DE, Dimitrov RA, Smith MT, Groenewald M, Stoilova-Disheva MM, Gu\u00e9orguiev BV, Boekhout T. DNA barcoding revealed Nematodospora valgi gen. nov., sp. nov. and Candida cetoniae sp. nov. in the [&hellip;]<\/p>\n","protected":false},"author":1,"featured_media":0,"parent":360,"menu_order":0,"comment_status":"closed","ping_status":"closed","template":"","meta":[],"_links":{"self":[{"href":"https:\/\/microbio.bas.bg\/wordpress\/index.php\/wp-json\/wp\/v2\/pages\/689"}],"collection":[{"href":"https:\/\/microbio.bas.bg\/wordpress\/index.php\/wp-json\/wp\/v2\/pages"}],"about":[{"href":"https:\/\/microbio.bas.bg\/wordpress\/index.php\/wp-json\/wp\/v2\/types\/page"}],"author":[{"embeddable":true,"href":"https:\/\/microbio.bas.bg\/wordpress\/index.php\/wp-json\/wp\/v2\/users\/1"}],"replies":[{"embeddable":true,"href":"https:\/\/microbio.bas.bg\/wordpress\/index.php\/wp-json\/wp\/v2\/comments?post=689"}],"version-history":[{"count":4,"href":"https:\/\/microbio.bas.bg\/wordpress\/index.php\/wp-json\/wp\/v2\/pages\/689\/revisions"}],"predecessor-version":[{"id":850,"href":"https:\/\/microbio.bas.bg\/wordpress\/index.php\/wp-json\/wp\/v2\/pages\/689\/revisions\/850"}],"up":[{"embeddable":true,"href":"https:\/\/microbio.bas.bg\/wordpress\/index.php\/wp-json\/wp\/v2\/pages\/360"}],"wp:attachment":[{"href":"https:\/\/microbio.bas.bg\/wordpress\/index.php\/wp-json\/wp\/v2\/media?parent=689"}],"curies":[{"name":"wp","href":"https:\/\/api.w.org\/{rel}","templated":true}]}}