{"id":788,"date":"2017-11-04T12:17:12","date_gmt":"2017-11-04T09:17:12","guid":{"rendered":"http:\/\/microbio.bas.bg\/wordpress\/?page_id=788"},"modified":"2020-08-13T15:22:14","modified_gmt":"2020-08-13T12:22:14","slug":"laboratory-bioremediation-and-biofuels","status":"publish","type":"page","link":"https:\/\/microbio.bas.bg\/wordpress\/index.php\/en\/structure\/scientific-staff\/department-of-applied-microbiology\/laboratory-bioremediation-and-biofuels\/","title":{"rendered":"LABORATORY BIOREMEDIATION AND BIOFUELS"},"content":{"rendered":"<p class=\"clear-margins\"><span style=\"font-family: arial, helvetica, sans-serif;\"><img loading=\"lazy\" class=\"wp-image-723 alignleft\" src=\"http:\/\/microbio.bas.bg\/wordpress\/wp-content\/uploads\/2017\/11\/Lusi2.jpg\" alt=\"\" width=\"177\" height=\"207\" \/><span style=\"font-size: 14pt;\">Head: Assoc. Prof. d-r Lyudmila Kabaivanova<\/span><\/span><\/p>\n<p><span style=\"font-family: arial, helvetica, sans-serif;\">Tel.: +359 2 979 31 67<\/span><\/p>\n<p><span style=\"font-family: arial, helvetica, sans-serif;\">E-mail:\u00a0<a href=\"mailto:lkabaivanova@yahoo.com\">lkabaivanova@yahoo.com<\/a><\/span><\/p>\n<p>&nbsp;<\/p>\n<p>&nbsp;<\/p>\n<p>&nbsp;<\/p>\n<p>&nbsp;<\/p>\n<table style=\"width: 100%; height: 60px; background-color: #f0f1f5;\">\n<tbody>\n<tr>\n<td style=\"text-align: center;\"><span style=\"font-size: 18pt; font-family: arial, helvetica, sans-serif;\"><strong>STAFF<\/strong><strong>:<\/strong><\/span><\/td>\n<\/tr>\n<\/tbody>\n<\/table>\n<p><span style=\"font-family: arial, helvetica, sans-serif;\"><img loading=\"lazy\" class=\"alignleft wp-image-1937\" src=\"http:\/\/microbio.bas.bg\/wordpress\/wp-content\/uploads\/2018\/04\/media.jpg\" alt=\"\" width=\"351\" height=\"294\" srcset=\"https:\/\/microbio.bas.bg\/wordpress\/wp-content\/uploads\/2018\/04\/media.jpg 857w, https:\/\/microbio.bas.bg\/wordpress\/wp-content\/uploads\/2018\/04\/media-768x643.jpg 768w\" sizes=\"(max-width: 351px) 100vw, 351px\" \/><img loading=\"lazy\" class=\"alignleft\" src=\"http:\/\/microbio.bas.bg\/wordpress\/wp-content\/uploads\/2017\/11\/6-420x420.jpg\" width=\"297\" height=\"298\" \/><\/span><\/p>\n<p>&nbsp;<\/p>\n<p>&nbsp;<\/p>\n<p>&nbsp;<\/p>\n<p>&nbsp;<\/p>\n<p>&nbsp;<\/p>\n<p>&nbsp;<\/p>\n<p>&nbsp;<\/p>\n<p>&nbsp;<\/p>\n<p>&nbsp;<\/p>\n<p><span style=\"font-family: arial, helvetica, sans-serif;\">Assoc. Prof. d-r Adriana Gushterova<\/span><\/p>\n<p><span style=\"font-family: arial, helvetica, sans-serif;\">Tel.: +359 2 979 31 27<\/span><\/p>\n<p><span style=\"font-family: arial, helvetica, sans-serif;\">E-mail:\u00a0<a href=\"mailto:marine_bg@abv.bg\">marine_bg@abv.bg<\/a><\/span><\/p>\n<p>&nbsp;<\/p>\n<p><span style=\"font-family: arial, helvetica, sans-serif;\">Assist. Prof. Lilyana Nacheva<\/span><\/p>\n<p class=\"clear-margins\"><span style=\"font-family: arial, helvetica, sans-serif;\">Tel.: +359 2 979 31 12<\/span><\/p>\n<p class=\"clear-margins\"><span style=\"font-family: arial, helvetica, sans-serif;\">E-mail: <a href=\"mailto:lin1@abv.bg\">lin1@abv.bg<\/a><\/span><\/p>\n<p><span style=\"font-family: arial, helvetica, sans-serif;\"><a href=\"https:\/\/www.researchgate.net\/profile\/Lilyana_Nacheva4\" target=\"_blank\" rel=\"noopener\">More information<\/a><\/span><\/p>\n<p>&nbsp;<\/p>\n<p><span style=\"font-family: arial, helvetica, sans-serif;\">Technician Teodora Radostinova Alexieva<\/span><\/p>\n<p>&nbsp;<\/p>\n<p><span style=\"font-family: arial, helvetica, sans-serif;\">Researcher Venelin Hubenov<\/span><\/p>\n<p><span style=\"font-family: arial, helvetica, sans-serif;\">Tel.: +359 2 979 31 05<\/span><\/p>\n<p><span style=\"font-family: arial, helvetica, sans-serif;\">E-mail:\u00a0<a href=\"mailto:vhubenov7@gmail.com\">vhubenov7@gmail.com<\/a><\/span><\/p>\n<p>&nbsp;<\/p>\n<p><span style=\"font-family: arial, helvetica, sans-serif;\">Assist. Prof. d-r Elena Chukova<\/span><\/p>\n<p><span style=\"font-family: arial, helvetica, sans-serif;\">Tel.: +359 2 979 31 88<\/span><\/p>\n<p><span style=\"font-family: arial, helvetica, sans-serif;\">E-mail:\u00a0<a href=\"mailto:elena@microbio.bas.bg\">elena@microbio.bas.bg<\/a><\/span><\/p>\n<p>&nbsp;<\/p>\n<p><span style=\"font-family: arial, helvetica, sans-serif;\">Engineer, automatisation d-r Ivancho Simeonov<\/span><\/p>\n<p>&nbsp;<\/p>\n<p><span style=\"font-family: arial, helvetica, sans-serif;\">Engineer Georgi Vulevski<\/span><\/p>\n<p><span style=\"font-family: arial, helvetica, sans-serif;\">Tel.: +359 2 979 31 21<\/span><\/p>\n<p><span style=\"font-family: arial, helvetica, sans-serif;\">E-mail:\u00a0<a href=\"mailto:g.valevski@gmail.com\">g.valevski@gmail.com<\/a><\/span><\/p>\n<p>&nbsp;<\/p>\n<p><span style=\"font-family: arial, helvetica, sans-serif;\">Researcher Snejanka Mihailova<\/span><\/p>\n<p><span style=\"font-family: arial, helvetica, sans-serif;\">Tel.: +359 2 979 31 05<\/span><\/p>\n<p><span style=\"font-family: arial, helvetica, sans-serif;\">E-mail:\u00a0<a href=\"mailto:snejanka11@avb.bg\">snejanka11@avb.bg<\/a><\/span><\/p>\n<table style=\"background-color: #f0f1f5; height: 60px;\" width=\"100%\">\n<tbody>\n<tr>\n<td style=\"text-align: center;\"><span style=\"font-size: 18pt; font-family: arial, helvetica, sans-serif;\"><strong>CURRENT RESEARCH TOPICS: \u00a0<\/strong><\/span><\/td>\n<\/tr>\n<\/tbody>\n<\/table>\n<ul>\n<li><span style=\"font-family: arial, helvetica, sans-serif;\">Physiology, biochemistry, biosynthesis and identification of primary and secondary metabolites of actinomycetes and filamentous fungi. Research is focused on: taxonomy, physiology, biochemistry and biosynthesis of enzymes and Optimization of cultivation conditions for extracellular hydrolytic enzymes and other biologically active substances from free and immobilized cells. Characteristics of the obtained enzyme preparations and investigation of the possibilities for their application.<\/span><\/li>\n<li><span style=\"font-family: arial, helvetica, sans-serif;\">Investigation on physiological response of microorganisms to different pollution: heavy metals, phenol, oil products.<\/span><\/li>\n<li><span style=\"font-family: arial, helvetica, sans-serif;\">Bioremediation of different xenobiotics by free and immobilized cells.<\/span><\/li>\n<li><span style=\"font-family: arial, helvetica, sans-serif;\">The changes in the structure and function of microbial communities in river and marine ecosystems in the presence of xenobiotics.<\/span><\/li>\n<li><span style=\"font-family: arial, helvetica, sans-serif;\">Detoxification of aquatic ecosystems, contaminated by heavy metals and phenol derivatives.<\/span><\/li>\n<li><span style=\"font-family: arial, helvetica, sans-serif;\">Development of variants of technologies for microbial synthesis of amino acids (lysine, valine, leycin), depending on the sources of the raw material.<\/span><\/li>\n<li><span style=\"font-family: arial, helvetica, sans-serif;\">Creation of an unique technological scheme for the purification of CO2 from biogas based on the use of microalgae in high-efficiency photobioreactors. Microalgal cultivation scheme has been developed to multiply the use of their biomass both for energy purposes and for the production of valuable biologically active substances. A new original strategy for modeling, optimization and scaling of column photobiorectors has been developed.<\/span><\/li>\n<\/ul>\n<hr \/>\n<table style=\"background-color: #f0f1f5; width: 100%; height: 60px;\">\n<tbody>\n<tr>\n<td style=\"text-align: center;\"><span style=\"font-family: arial, helvetica, sans-serif;\"><span style=\"font-size: 18pt;\"><strong>PROJECTS:<\/strong><\/span>.<\/span><\/td>\n<\/tr>\n<\/tbody>\n<\/table>\n<ul>\n<li><span style=\"font-family: arial, helvetica, sans-serif;\">\u201eCultivation of micro-algae in innovative photo-bioreactor for carbon dioxide sequestration from industrial waste gases from different sources and synthesis of high value products\u201d.<\/span><\/li>\n<\/ul>\n<p><span style=\"font-family: arial, helvetica, sans-serif;\">2014-2017 &#8222;Special Visiting Researcher&#8220; under the program &#8222;Science without Borders&#8220; (CNPq\/MCTI), \u2116: 313737\/2014-2.<\/span><\/p>\n<p><span style=\"font-family: arial, helvetica, sans-serif;\">Project collaborators: West Parana State University, Department of Chemical Engineering. Including scientific staff of 4 professors, two post-docs, a PhD student, and a undergraduate student. Several authorized companies for performing different analysis are involved, as well.<\/span><\/p>\n<p><span style=\"font-family: arial, helvetica, sans-serif;\">Project leader:\u00a0 Assoc. Professor Alexander Kroumov, PhD, Institute of Microbiology- BAS&#8220;<\/span><\/p>\n<ul>\n<li><span style=\"font-family: arial, helvetica, sans-serif;\">Anaerobic biodegradation of lignocellulosic wastes in order to produce biogas and utilization of carbon dioxide in it by using microalgae&#8220;.<\/span><\/li>\n<\/ul>\n<p><span style=\"font-family: arial, helvetica, sans-serif;\">Grant DFNI-E01\/0001 from the National Science Fund, Republic of Bulgaria.<\/span><\/p>\n<p><span style=\"font-family: arial, helvetica, sans-serif;\">Project leader:\u00a0 Assoc. Professor Alexander Kroumov, PhD, Institute of Microbiology- BAS<\/span><\/p>\n<ul>\n<li><span style=\"font-family: arial, helvetica, sans-serif;\">&#8222;Effective doctoral training and support of the development of post-docs and young scientists in the priority of microbiology&#8220;.<\/span><\/li>\n<\/ul>\n<p><span style=\"font-family: arial, helvetica, sans-serif;\">Grant BG051PO001-3.3.04\/32 Operational Programme Human Resource Development<\/span><\/p>\n<p><span style=\"font-family: arial, helvetica, sans-serif;\">Collaborators: Faculty of Biology at Sofia University \u201cSt. Kliment Ohridski\u201d<\/span><\/p>\n<p><span style=\"font-family: arial, helvetica, sans-serif;\">Participant: Assist. Professor A. Bratchkova<\/span><\/p>\n<p><span style=\"font-family: arial, helvetica, sans-serif;\">Project manager: Acad. Angel Galabov<\/span><\/p>\n<ul>\n<li><span style=\"font-family: arial, helvetica, sans-serif;\">\u201cOptimization of fermentation processes for amino acid production\u201d.<\/span><\/li>\n<\/ul>\n<p><span style=\"font-family: arial, helvetica, sans-serif;\">Agreement for cooperation project between Institute of Microbiology \u2013 BAS and RTM \u201cRecourses + Technologies \u2013 Management\u201d, Germany<\/span><\/p>\n<p><span style=\"font-family: arial, helvetica, sans-serif;\">Project leader:\u00a0 Assoc. Professor\u00a0 Alexander Ratkov, Institute of Microbiology- BAS \u201cCariing of test and demonstration experiments\u201d<\/span><\/p>\n<p><span style=\"font-family: arial, helvetica, sans-serif;\">Two Bilateral Agreements for cooperation project between\u00a0\u00a0 Institute of Microbiology \u2013 BAS and Company \u201cPlemzavod-Jubileinie\u201d, Russian Federation.<\/span><\/p>\n<p><span style=\"font-family: arial, helvetica, sans-serif;\">Project leader:\u00a0 Assoc. Professor\u00a0 Alexander Ratkov, Institute of Microbiology- BAS\u201c<\/span><\/p>\n<ul>\n<li><span style=\"font-family: arial, helvetica, sans-serif;\">Biotechnological and eco-friendly approach for effective utilization of waste plant biomass for compost and soil improvements\u201d.<\/span><\/li>\n<\/ul>\n<p><span style=\"font-family: arial, helvetica, sans-serif;\">Grant BG161 PO00-1.1.06-0064-C 0001\/2012-2014 from the Operational Programme \u201cDevelopment of the Competiviveness of the Bulgarian Economics\u201d, EU, European Regional Development Fund.<\/span><\/p>\n<p><span style=\"font-family: arial, helvetica, sans-serif;\">Project collaborators: \u201cInovet\u201d OOD, Sofia, Bulgaria.<\/span><\/p>\n<p><span style=\"font-family: arial, helvetica, sans-serif;\">Project leaders: Assoc. Professor A. Gousterova and Assoc. Professor K. Tsekova<\/span><\/p>\n<ul>\n<li><span style=\"font-family: arial, helvetica, sans-serif;\">\u201cDetoxication of water ecosystems contaminated with heavy metals and xenobiotics\u201d.<\/span><\/li>\n<\/ul>\n<p><span style=\"font-family: arial, helvetica, sans-serif;\">Grant DO02-185\/08 from the National Science Fund, Republic of Bulgaria.<\/span><\/p>\n<p><span style=\"font-family: arial, helvetica, sans-serif;\">Project collaborators: Faculty of Chemical at Sofia University \u201cSt. Kliment Ohridski\u201d<\/span><\/p>\n<p><span style=\"font-family: arial, helvetica, sans-serif;\">Project supervisor: Professor V. Becshkov, DSc<\/span><\/p>\n<p><span style=\"font-family: arial, helvetica, sans-serif;\">Project leader:\u00a0 Assoc. Professor\u00a0K. Tsekova<\/span><\/p>\n<hr \/>\n<table style=\"background-color: #f0f1f5; width: 100%; height: 60px;\">\n<tbody>\n<tr>\n<td style=\"text-align: center;\"><span style=\"font-size: 18pt; font-family: arial, helvetica, sans-serif;\"><strong>SELECTED PUBLICATIONS:<\/strong><\/span><\/td>\n<\/tr>\n<\/tbody>\n<\/table>\n<ul>\n<li><span style=\"font-family: arial, helvetica, sans-serif;\">Kroumov, A. D., Scheufele, F. B., Trigueros, D. E. G., Modenes, A. N., Zaharieva, M., Najdenski, H. Modeling and techno-economic analysis of algae for bio-energy and co-products. Algal Green Chemistry: Recent Progress in Biotechnology, 1, Elsevier, in press: 2016, ISBN:9780444637840<\/span><\/li>\n<\/ul>\n<ul>\n<li><span style=\"font-family: arial, helvetica, sans-serif;\">Bratchkova, A., Ivanova, V. Isolation, identification and biological activities of cyclic dipeptides from Antarctic microorganisms. Comptes Rendus de\u2019l Academie Bulgare des Sciences 2017, (in press).<\/span><\/li>\n<\/ul>\n<ul>\n<li><span style=\"font-family: arial, helvetica, sans-serif;\">Blanco, Silvia P Monte, Scheufele, Fabiano Bisinella, M\u00f3denes, Aparecido N, Espinoza-Qui\u00f1ones, Fernando R, Marin, Pricila, Kroumov, Alexander D, Borba, Carlos E. Kinetic, equilibrium and thermodynamic phenomenological modeling of reactive dye adsorption onto polymeric adsorbent. Chemical Engineering Journal, 307, MS#: CEJ-D-16-03657, Elsevier, 2017, ISSN:1385-8947, DOI:http:\/\/dx.doi.org\/10.1016\/j.cej.2016.08.104, 466-475. SJR:1.743, ISI IF:5.31<\/span><\/li>\n<\/ul>\n<ul>\n<li><span style=\"font-family: arial, helvetica, sans-serif;\">Trigueros, Daniela Estelita Goes, Hinterholz, Camila L, Fiorese, M\u00f4nica L, Arag\u00e3o, Gl\u00e1ucia M, Schmidell, Willibaldo, Reis, Maria A, Kroumov, Alexander D. Statistical evaluation and discrimination of competing kinetic models and hypothesis for the mathematical description of poly-3(hydroxybutyrate) synthesis by Cupriavidus necator DSM 545. Chemical Engineering Science, 160, 20\u201333. 2017 ISSN:0009-2509, DOI:http:\/\/dx.doi.org\/10.1016\/j.ces.2016.11.025, 20-33. ISI IF:2.75<\/span><\/li>\n<\/ul>\n<ul>\n<li><span style=\"font-family: arial, helvetica, sans-serif;\">Espinoza-Quinones, Fernando Rodolfo, M\u00f3denes, Aparecido Nivaldo, Souza, Ari\u00e1dine R R.C de, Trigueros, Daniela E.G., Pauli, Aline R. de, Souza, Patr\u00edcia S.C. de, Kroumov, Alexander D.. Removal performance, antibacterial effects and toxicity assessment of ciprofloxacin treated by the electro-coagulation process. Water, Air, &amp; Soil Pollution, 227, Springer, 2016, ISSN:0049-6979, DOI:10.1007\/s11270-016-3165-8, 460. ISI IF:1.551<\/span><\/li>\n<\/ul>\n<ul>\n<li><span style=\"font-family: arial, helvetica, sans-serif;\">Hristov A., Christova N., Kabaivanova L., Nacheva L., Stoyneva I., Petrov P. Simultaneous biodegradation of phenol and n-hexadecane by immobilized in cryogel biosurfactant producing strain Rhodococcus wratislawiensis BN38. Polish Journal Microbiology, 65, 3, 2016, ISSN:1733-1331, 287-293. ISI IF:0.75<\/span><\/li>\n<\/ul>\n<ul>\n<li><span style=\"font-family: arial, helvetica, sans-serif;\">Kroumov, A. D., M\u00f3denes, A. N., Trigueros, D. E. G., Espinoza-Quinones, F. R., Borba, C. E., Scheufele, F. B., Hinterholz, C. L.. A systems approach for CO2 fixation from flue gas by microalgae\u2013theory review. Process Biochemistry, 51, 11, Elsevier, 2016, ISSN:1359-5113, 1817-1832. ISI IF:2.529<\/span><\/li>\n<\/ul>\n<ul>\n<li><span style=\"font-family: arial, helvetica, sans-serif;\">Tsekova, K., Todorova, D., Ganeva, S. Influence of operating conditions on the removal of heavy metals from industrial wastewater by biosorption. Environmental Engineering and Management Journal, 14, 10, 2015, ISSN:1582-9596, 2327-2332. ISI IF:1.008<\/span><\/li>\n<\/ul>\n<ul>\n<li><span style=\"font-family: arial, helvetica, sans-serif;\">Gousterova A., Paskaleva D., Vasileva-Tonkova E. Characterization of culturable thermophilic actinobacteria from Livingston Island, Antarctica. International Research Journal of Biological Sciences, 3, 2014, ISSN:2278-3202, 30-36<\/span><\/li>\n<\/ul>\n<ul>\n<li><span style=\"font-family: arial, helvetica, sans-serif;\">Hristov A., Christova N., Nacheva L., Stoineva I., Kabaivanova L. Biodegradation potential of Nocardia farcinica BN26 for xenobiotics mineralization. Comptes rendus de l&#8217;Acad_emie bulgare des Sciences, 67, 6, 2014, ISSN:1310-1331, 821-830. ISI IF:0.38<\/span><\/li>\n<\/ul>\n<ul>\n<li><span style=\"font-family: arial, helvetica, sans-serif;\">Ratkov AB., Dimov II., Petkova RP., Kristeva JG., Filipov FI. Amino acids microbial production. Journal of Biotechnology, Volume 185, Supplement, September 2014, ISSN 0168-1665, p. S24 (http:\/\/dx.doi.org\/10.1016\/j.biotech.2014.07.081)<\/span><\/li>\n<\/ul>\n<ul>\n<li><span style=\"font-family: arial, helvetica, sans-serif;\">Chernev, G., Kabaivanova, L., Salvado, M., Todorova, E., Ivanova, J. Sol-gel hyrid materials applied as matrices for a co-immobilized system of bacteria and algae. J. Appl. Chem. 2(6), 2013, 1665-673. ISSN 2278-1862<\/span><\/li>\n<\/ul>\n<ul>\n<li><span style=\"font-family: arial, helvetica, sans-serif;\">Christova N., Petrov P., Kabaivanova L. Biosurfactant production by Pseudomonas aeruginosa BN10 cells entrapped in cryogels. Z. Naturforsch., 68 c, 2013, 47-52. ISI IF:0.772<\/span><\/li>\n<\/ul>\n<ul>\n<li><span style=\"font-family: arial, helvetica, sans-serif;\">Tsekova K., Chernev G., Hristov A., Kabaivanova L. Phenol biodegradation by fungal cells immobilized in sol-gel hybrids. Z. Naturforsch. C, 68c, 2013, 53. ISI IF:0.772<\/span><\/li>\n<\/ul>\n<ul>\n<li><span style=\"font-family: arial, helvetica, sans-serif;\">Bratchkova A., Ivanova V., Gousterova A., Laatsch H. \u03b2-Carboline alkaloid constituents from a Thermoactinomyces sp. strain isolated from Livingston Island, Antarctica. Biotechnol. &amp; Biotechnol. Eq., 26, 3, 2012, ISSN:1310-2818, 3005-3009. ISI IF:0.76<\/span><\/li>\n<\/ul>\n<p>&nbsp;<\/p>\n","protected":false},"excerpt":{"rendered":"<p>Head: Assoc. Prof. d-r Lyudmila Kabaivanova Tel.: +359 2 979 31 67 E-mail:\u00a0lkabaivanova@yahoo.com &nbsp; &nbsp; &nbsp; &nbsp; STAFF: &nbsp; &nbsp; &nbsp; &nbsp; &nbsp; &nbsp; &nbsp; &nbsp; &nbsp; Assoc. Prof. d-r Adriana Gushterova Tel.: +359 2 979 31 27 E-mail:\u00a0marine_bg@abv.bg &nbsp; Assist. Prof. Lilyana Nacheva Tel.: +359 2 979 31 12 E-mail: lin1@abv.bg More information &nbsp; [&hellip;]<\/p>\n","protected":false},"author":1,"featured_media":0,"parent":725,"menu_order":0,"comment_status":"closed","ping_status":"closed","template":"","meta":[],"_links":{"self":[{"href":"https:\/\/microbio.bas.bg\/wordpress\/index.php\/wp-json\/wp\/v2\/pages\/788"}],"collection":[{"href":"https:\/\/microbio.bas.bg\/wordpress\/index.php\/wp-json\/wp\/v2\/pages"}],"about":[{"href":"https:\/\/microbio.bas.bg\/wordpress\/index.php\/wp-json\/wp\/v2\/types\/page"}],"author":[{"embeddable":true,"href":"https:\/\/microbio.bas.bg\/wordpress\/index.php\/wp-json\/wp\/v2\/users\/1"}],"replies":[{"embeddable":true,"href":"https:\/\/microbio.bas.bg\/wordpress\/index.php\/wp-json\/wp\/v2\/comments?post=788"}],"version-history":[{"count":28,"href":"https:\/\/microbio.bas.bg\/wordpress\/index.php\/wp-json\/wp\/v2\/pages\/788\/revisions"}],"predecessor-version":[{"id":1939,"href":"https:\/\/microbio.bas.bg\/wordpress\/index.php\/wp-json\/wp\/v2\/pages\/788\/revisions\/1939"}],"up":[{"embeddable":true,"href":"https:\/\/microbio.bas.bg\/wordpress\/index.php\/wp-json\/wp\/v2\/pages\/725"}],"wp:attachment":[{"href":"https:\/\/microbio.bas.bg\/wordpress\/index.php\/wp-json\/wp\/v2\/media?parent=788"}],"curies":[{"name":"wp","href":"https:\/\/api.w.org\/{rel}","templated":true}]}}